{"id":530,"date":"2024-10-19T20:05:35","date_gmt":"2024-10-19T18:05:35","guid":{"rendered":"https:\/\/ihmezentrum.info\/?page_id=530"},"modified":"2025-07-12T02:08:12","modified_gmt":"2025-07-12T00:08:12","slug":"der-verein-zukunftswerkstatt-ihme-zentrum-e-v","status":"publish","type":"page","link":"https:\/\/ihmezentrum.info\/?page_id=530","title":{"rendered":"Der Verein Zukunftswerkstatt Ihme-Zentrum e.V."},"content":{"rendered":"\n<p><strong>Bewohner*innen, Fachleute und engagierte B\u00fc<\/strong><strong>rger*innen f\u00fc<\/strong><strong>r eine positive Entwicklung<\/strong><\/p>\n\n\n\n<p>Sie kennen bestimmt das Ihme-Zentrum. Haben davon geh\u00f6rt oder gelesen, dort oder ganz in der N\u00e4he gelebt, eingekauft, gearbeitet. Sie k\u00f6nnen sich an die alten Zeiten erinnern, wie das Leben pulsierte, das Gewerbe florierte. Doch heute scheint dies alles vorbei zu sein &#8211; das Ihme-Zentrum geh\u00f6rt mittlerweile zu den umstrittensten Quartieren Norddeutschlands.<\/p>\n\n\n\n<p>Wir von der Zukunftswerkstatt sehen das Ihme-Zentrum mit anderen Augen und erkennen das riesige Potenzial f\u00fcr eine lebenswerte Landeshauptstadt Hannover. Mit unserer Vereinsarbeit wollen wir eine nachhaltige und kreative Transformation beg\u00fcnstigen und den Austausch zwischen den dort wohnenden Menschen, dem Gro\u00dfeigent\u00fcmer, den Kleineigent\u00fcmer*innen sowie der Stadt und der Stadtgesellschaft verbessern. Seit unserer Gr\u00fcndung im April 2016 versteht sich die Zukunftswerkstatt Ihme-Zentrum e. V. als Dialogpartner zwischen den unterschiedlichen Akteuren. Und unser Engagement zeigt Wirkung: 2016 und 2017 wurde der Verein f\u00fcr den <a href=\"https:\/\/www.netzwerk21kongress.de\/zeitzeichen\/detail\/17_zeitzeichen_bewerbung_a0041.asp?bURL=de\/17_11_voting_gemeindestadtregion.asp\">Deutschen Lokalen Nachhaltigkeitspreis <\/a>nominiert.<\/p>\n\n\n\n<p>Zu unseren Mitgliedern geh\u00f6ren Menschen, die ihm Ihme-Zentrum wohnen, engagierte Mitglieder der hannoverschen B\u00fcrgerschaft sowie Fachleute aus den Bereichen Architektur, Stadtplanung, Politik, Kultur und Nachhaltigkeit.<\/p>\n\n\n\n<ul class=\"wp-block-list\">\n<li><a href=\"https:\/\/ihmezentrum.info\/?page_id=883\" data-type=\"page\" data-id=\"883\">Satzung<\/a><\/li>\n\n\n\n<li><a href=\"https:\/\/ihmezentrum.info\/?page_id=557\" data-type=\"page\" data-id=\"557\">Vorstandsmitglieder<\/a><\/li>\n\n\n\n<li>Mitgliedschaftsantrag<\/li>\n<\/ul>\n","protected":false},"excerpt":{"rendered":"<p>Bewohner*innen, Fachleute und engagierte B\u00fcrger*innen f\u00fcr eine positive Entwicklung Sie kennen bestimmt das Ihme-Zentrum. Haben davon geh\u00f6rt oder gelesen, dort oder ganz in der N\u00e4he gelebt, eingekauft, gearbeitet. Sie k\u00f6nnen sich an die alten Zeiten erinnern, wie das Leben pulsierte, das Gewerbe florierte. Doch heute scheint dies alles vorbei zu sein &#8211; das Ihme-Zentrum geh\u00f6rt [&hellip;]<\/p>\n","protected":false},"author":1,"featured_media":0,"parent":0,"menu_order":0,"comment_status":"closed","ping_status":"closed","template":"","meta":{"footnotes":""},"class_list":["post-530","page","type-page","status-publish","hentry"],"_links":{"self":[{"href":"https:\/\/ihmezentrum.info\/index.php?rest_route=\/wp\/v2\/pages\/530","targetHints":{"allow":["GET"]}}],"collection":[{"href":"https:\/\/ihmezentrum.info\/index.php?rest_route=\/wp\/v2\/pages"}],"about":[{"href":"https:\/\/ihmezentrum.info\/index.php?rest_route=\/wp\/v2\/types\/page"}],"author":[{"embeddable":true,"href":"https:\/\/ihmezentrum.info\/index.php?rest_route=\/wp\/v2\/users\/1"}],"replies":[{"embeddable":true,"href":"https:\/\/ihmezentrum.info\/index.php?rest_route=%2Fwp%2Fv2%2Fcomments&post=530"}],"version-history":[{"count":3,"href":"https:\/\/ihmezentrum.info\/index.php?rest_route=\/wp\/v2\/pages\/530\/revisions"}],"predecessor-version":[{"id":888,"href":"https:\/\/ihmezentrum.info\/index.php?rest_route=\/wp\/v2\/pages\/530\/revisions\/888"}],"wp:attachment":[{"href":"https:\/\/ihmezentrum.info\/index.php?rest_route=%2Fwp%2Fv2%2Fmedia&parent=530"}],"curies":[{"name":"wp","href":"https:\/\/api.w.org\/{rel}","templated":true}]}}