{"id":628,"date":"2024-10-20T18:41:30","date_gmt":"2024-10-20T16:41:30","guid":{"rendered":"https:\/\/ihmezentrum.info\/?page_id=628"},"modified":"2025-11-19T17:06:38","modified_gmt":"2025-11-19T16:06:38","slug":"arbeitsbereiche","status":"publish","type":"page","link":"https:\/\/ihmezentrum.info\/?page_id=628","title":{"rendered":"Arbeitsbereiche"},"content":{"rendered":"\r\n<p>Die Arbeit des Vereins geschieht in verschiedenen Bereichen, die wir hier erl\u00e4utern. Haben Sie Interesse an der Mitarbeit?<\/p>\r\n\r\n\r\n\r\n<p>Dann senden Sie bitte eine E-Mail an die entsprechende Adresse \u2013 danke!<\/p>\r\n\r\n\r\n<hr class=\"wp-block-separator has-alpha-channel-opacity\" \/>\r\n\r\n\n<div class=\"lsvr-cta lsvr-cta--has-button\"\n    >\n    <div class=\"lsvr-cta__inner\">\n\n        \n            <h3 class=\"lsvr-cta__title\">\n\n                Arbeitsbereich Bewohner*innen\n            <\/h3>\n\n        \n        \n            <div class=\"lsvr-cta__text\">\n                <p>Der Arbeitsbereich \u201eBewohner*innen\u201c der Zukunftswerkstatt dient dem internen Austausch \u00fcber die Belange und Probleme des Ihme-Zentrums und der Entwicklung eines gemeinschaftlichen Zusammenhalts. Die offene Gruppe trifft sich einmal im Monat zu einem Abendessen in wechselnden Lokalit\u00e4ten im Umfeld des Ihme-Zentrums und veranstaltet seit kurzem zus\u00e4tzlich einen regelm\u00e4\u00dfigen Spieleabend. Interesse? Dann schreiben Sie uns gerne!<\/p>\n\n            <\/div>\n\n        \n       \n            <p class=\"lsvr-cta__button\">\n                <a href=\"mailto:bewohner@ihmezentrum.info\" class=\"lsvr-cta__button-link\"\n                    >\n                    MAIL                <\/a>\n            <\/p>\n\n        \n    <\/div>\n<\/div>\n\n\r\n\r\n<hr class=\"wp-block-separator has-alpha-channel-opacity\" \/>\r\n\r\n\n<div class=\"lsvr-cta lsvr-cta--has-button\"\n    >\n    <div class=\"lsvr-cta__inner\">\n\n        \n            <h3 class=\"lsvr-cta__title\">\n\n                Arbeitsbereich Planung\n            <\/h3>\n\n        \n        \n            <div class=\"lsvr-cta__text\">\n                <p>Hier stehen stadtplanerische und architektonische \u00dcberlegungen im Vordergrund. Wie k\u00f6nnte das Ihme-Zentrum bzw. Teile davon umgebaut werden, wie lie\u00dfe es sich besser in den Stadtteil einbinden und welche rechtlichen Rahmenbedingungen gilt es dabei zu beachten? Sie haben eine Idee oder sind fasziniert von den planspielerischen M\u00f6glichkeiten, die das Ihme-Zentrum bietet? Schreiben Sie uns an!<\/p>\n\n            <\/div>\n\n        \n       \n            <p class=\"lsvr-cta__button\">\n                <a href=\"mailto:zukunft@ihmezentrum.info\" class=\"lsvr-cta__button-link\"\n                    >\n                    MAIL                <\/a>\n            <\/p>\n\n        \n    <\/div>\n<\/div>\n\n\r\n\r\n\r\n<p>&nbsp;<\/p>\r\n","protected":false},"excerpt":{"rendered":"<p>Die Arbeit des Vereins geschieht in verschiedenen Bereichen, die wir hier erl\u00e4utern. Haben Sie Interesse an der Mitarbeit? Dann senden Sie bitte eine E-Mail an die entsprechende Adresse \u2013 danke! &nbsp;<\/p>\n","protected":false},"author":1,"featured_media":0,"parent":0,"menu_order":0,"comment_status":"closed","ping_status":"closed","template":"","meta":{"footnotes":""},"class_list":["post-628","page","type-page","status-publish","hentry"],"_links":{"self":[{"href":"https:\/\/ihmezentrum.info\/index.php?rest_route=\/wp\/v2\/pages\/628","targetHints":{"allow":["GET"]}}],"collection":[{"href":"https:\/\/ihmezentrum.info\/index.php?rest_route=\/wp\/v2\/pages"}],"about":[{"href":"https:\/\/ihmezentrum.info\/index.php?rest_route=\/wp\/v2\/types\/page"}],"author":[{"embeddable":true,"href":"https:\/\/ihmezentrum.info\/index.php?rest_route=\/wp\/v2\/users\/1"}],"replies":[{"embeddable":true,"href":"https:\/\/ihmezentrum.info\/index.php?rest_route=%2Fwp%2Fv2%2Fcomments&post=628"}],"version-history":[{"count":5,"href":"https:\/\/ihmezentrum.info\/index.php?rest_route=\/wp\/v2\/pages\/628\/revisions"}],"predecessor-version":[{"id":952,"href":"https:\/\/ihmezentrum.info\/index.php?rest_route=\/wp\/v2\/pages\/628\/revisions\/952"}],"wp:attachment":[{"href":"https:\/\/ihmezentrum.info\/index.php?rest_route=%2Fwp%2Fv2%2Fmedia&parent=628"}],"curies":[{"name":"wp","href":"https:\/\/api.w.org\/{rel}","templated":true}]}}