{"id":652,"date":"2024-10-20T19:46:55","date_gmt":"2024-10-20T17:46:55","guid":{"rendered":"https:\/\/ihmezentrum.info\/?page_id=652"},"modified":"2025-11-02T21:42:06","modified_gmt":"2025-11-02T20:42:06","slug":"impressum","status":"publish","type":"page","link":"https:\/\/ihmezentrum.info\/?page_id=652","title":{"rendered":"Impressum"},"content":{"rendered":"\n<p><strong>Angaben nach Digitale-Dienste-Gesetz:<\/strong><\/p>\n\n\n\n<p>Anbieter:<br>Zukunftswerkstatt Ihme-Zentrum e.V.<br>Postadresse: c\/o H. M\u00f6nninghoff, Ricklunger Stra\u00dfe 3B, 30449 Hannover<br>E-Mail-Adresse: zukunft@ihmezentrum.info<br>Eingetragen im Vereinsregister beim Amtsgericht Hannover unter VR 202696<br>Steuer-Nummer: 25\/207\/24689<br>vertreten durch J\u00fcrgen L\u00fcbbert, Hans-Georg Burke, Gerd Runge und Hans M\u00f6nninghoff<\/p>\n\n\n\n<p><strong>Disclaimer:<\/strong><br>Diese Website wurde mit gro\u00dfer Sorgfalt erstellt. Soweit wir auf externe Websites und Ressourcen verlinken, k\u00f6nnen wir jedoch keine Haftung f\u00fcr den Inhalt der verlinkten Websites \/ Ressourcen \u00fcbernehmen.<\/p>\n\n\n\n<p><strong>Satzung:<br><\/strong>Die Vereinssatzung kann <a href=\"https:\/\/ihmezentrum.info\/wp-content\/uploads\/2024\/10\/ZWIZ-Satzung.pdf\" data-type=\"attachment\" data-id=\"610\" target=\"_blank\" rel=\"noreferrer noopener\">hier<\/a>&nbsp;heruntergeladen werden.<\/p>\n\n\n\n<p><strong>Copyright:<br><\/strong>Sofern nicht anders bemerkt, unterliegen die Inhalte dieser Website dem Copyright des betreibenden Vereins.<br>Das Logo der Zukunftswerkstatt Ihme-Zentrum ist ein eingetragenes Markenzeichen des Vereins Zukunftswerkstatt Ihme-Zentrum e.V. .<\/p>\n\n\n\n<p><strong>Allgemeine Gesch\u00e4ftsbedingungen:<br><\/strong>Soweit wir auf dieser Website eine Kaufm\u00f6glichkeit anbieten (\u201eShop&#8220;), gelten unsere <a href=\"http:\/\/www.ihmezentrum.info\/agb\/\" target=\"_blank\" rel=\"noreferrer noopener\">AGBs, die hier zu finden sind<\/a>.<\/p>\n","protected":false},"excerpt":{"rendered":"<p>Angaben nach Digitale-Dienste-Gesetz: Anbieter:Zukunftswerkstatt Ihme-Zentrum e.V.Postadresse: c\/o H. M\u00f6nninghoff, Ricklunger Stra\u00dfe 3B, 30449 HannoverE-Mail-Adresse: zukunft@ihmezentrum.infoEingetragen im Vereinsregister beim Amtsgericht Hannover unter VR 202696Steuer-Nummer: 25\/207\/24689vertreten durch J\u00fcrgen L\u00fcbbert, Hans-Georg Burke, Gerd Runge und Hans M\u00f6nninghoff Disclaimer:Diese Website wurde mit gro\u00dfer Sorgfalt erstellt. Soweit wir auf externe Websites und Ressourcen verlinken, k\u00f6nnen wir jedoch keine Haftung f\u00fcr [&hellip;]<\/p>\n","protected":false},"author":1,"featured_media":0,"parent":0,"menu_order":0,"comment_status":"closed","ping_status":"closed","template":"","meta":{"footnotes":""},"class_list":["post-652","page","type-page","status-publish","hentry"],"_links":{"self":[{"href":"https:\/\/ihmezentrum.info\/index.php?rest_route=\/wp\/v2\/pages\/652","targetHints":{"allow":["GET"]}}],"collection":[{"href":"https:\/\/ihmezentrum.info\/index.php?rest_route=\/wp\/v2\/pages"}],"about":[{"href":"https:\/\/ihmezentrum.info\/index.php?rest_route=\/wp\/v2\/types\/page"}],"author":[{"embeddable":true,"href":"https:\/\/ihmezentrum.info\/index.php?rest_route=\/wp\/v2\/users\/1"}],"replies":[{"embeddable":true,"href":"https:\/\/ihmezentrum.info\/index.php?rest_route=%2Fwp%2Fv2%2Fcomments&post=652"}],"version-history":[{"count":3,"href":"https:\/\/ihmezentrum.info\/index.php?rest_route=\/wp\/v2\/pages\/652\/revisions"}],"predecessor-version":[{"id":931,"href":"https:\/\/ihmezentrum.info\/index.php?rest_route=\/wp\/v2\/pages\/652\/revisions\/931"}],"wp:attachment":[{"href":"https:\/\/ihmezentrum.info\/index.php?rest_route=%2Fwp%2Fv2%2Fmedia&parent=652"}],"curies":[{"name":"wp","href":"https:\/\/api.w.org\/{rel}","templated":true}]}}