{"id":80,"date":"2017-11-07T13:21:24","date_gmt":"2017-11-07T13:21:24","guid":{"rendered":"http:\/\/localhost\/wordpress\/townpress-content\/?page_id=80"},"modified":"2025-11-05T20:15:52","modified_gmt":"2025-11-05T19:15:52","slug":"home-1","status":"publish","type":"page","link":"https:\/\/ihmezentrum.info\/","title":{"rendered":"Willkommen bei der Zukunftswerkstatt Ihme-Zentrum!"},"content":{"rendered":"\r\n<p class=\"has-black-color has-text-color has-link-color has-medium-font-size wp-elements-a6bef40486f2e550ba6d15d2aa77d205\">Die Zukunftswerkstatt Ihme-Zentrum ist ein 2016 gegr\u00fcndeter Verein, der sich f\u00fcr die Revitalisierung des Ihme-Zentrums und seine Einbindung in die benachbarten Stadtquartiere einsetzt. Mehr \u00fcber uns findet ihr <a href=\"https:\/\/ihmezentrum.info\/?page_id=530\" data-type=\"page\" data-id=\"530\">hier<\/a>.<\/p>\r\n\r\n\r\n\r\n<p class=\"has-black-color has-text-color has-link-color has-medium-font-size wp-elements-8ae6305ccc6c55b6def2eca1748d5693\">Unser Verein hat ca. 60 Mitglieder, je zur H\u00e4lfte Bewohner*innen und an der Entwicklung des Quartiers Interessierte (Stadtplanungsfachleute, Menschen aus dem Quartier).<\/p>\r\n\r\n\r\n\r\n<div class=\"wp-block-columns is-layout-flex wp-container-core-columns-is-layout-9d6595d7 wp-block-columns-is-layout-flex\">\r\n<div class=\"wp-block-column is-layout-flow wp-block-column-is-layout-flow\">\r\n<div class=\"wp-block-buttons is-horizontal is-content-justification-space-between is-layout-flex wp-container-core-buttons-is-layout-5f4dd2d6 wp-block-buttons-is-layout-flex\">\r\n<div class=\"wp-block-button has-custom-width wp-block-button__width-100 is-style-fill\"><a class=\"wp-block-button__link has-vivid-cyan-blue-background-color has-background wp-element-button\" style=\"border-radius: 0px;\" href=\"https:\/\/ihmezentrum.info\/?page_id=530\">Verein<\/a><\/div>\r\n<\/div>\r\n<\/div>\r\n\r\n\r\n\r\n<div class=\"wp-block-column is-layout-flow wp-block-column-is-layout-flow\">\r\n<div class=\"wp-block-buttons is-layout-flex wp-block-buttons-is-layout-flex\">\r\n<div class=\"wp-block-button has-custom-width wp-block-button__width-100\"><a class=\"wp-block-button__link has-vivid-cyan-blue-background-color has-background wp-element-button\" style=\"border-radius: 0px;\" href=\"https:\/\/ihmezentrum.info\/?page_id=692\">Denkschrift<\/a><\/div>\r\n<\/div>\r\n<\/div>\r\n\r\n\r\n\r\n<div class=\"wp-block-column is-layout-flow wp-block-column-is-layout-flow\">\r\n<div class=\"wp-block-buttons is-layout-flex wp-block-buttons-is-layout-flex\">\r\n<div class=\"wp-block-button has-custom-width wp-block-button__width-100\"><a class=\"wp-block-button__link has-vivid-cyan-blue-background-color has-background wp-element-button\" style=\"border-radius: 0px;\" href=\"https:\/\/ihmezentrum.info\/?lsvr_document=mitgliedschaftsantrag\">Mitglied werden!<\/a><\/div>\r\n<\/div>\r\n<\/div>\r\n<\/div>\r\n\r\n\r\n\n            <div class=\"widget shortcode-widget lsvr-post-featured-widget lsvr-post-featured-widget--shortcode\"><div class=\"widget__inner\"><h3 class=\"widget__title\">Jeden Monat:<\/h3>\n<div class=\"widget__content lsvr-post-featured-widget__content\">\n\n\t\n\t\t\n        <div class=\"lsvr-post-featured-widget__content-inner\">\n\n\t\t\t<h4 class=\"lsvr-post-featured-widget__title\">\n\t\t\t\t<a href=\"https:\/\/ihmezentrum.info\/?p=857\" class=\"lsvr-post-featured-widget__title-link\">\n\t\t\t\t\tF\u00fchrungen durch das Ihmezentrum \u2013 Bitte abweichenden Termin f\u00fcr April 2026 beachten\t\t\t\t<\/a>\n\t\t\t<\/h4>\n\n            \n            \n            \n                <div class=\"lsvr-post-featured-widget__excerpt\">\n\n                    <p>Wir machen F\u00fchrungen durch das Ihmezentrum. Mehr findet ihr hier.<\/p>\n\n                    <p class=\"lsvr-post-featured-widget__excerpt-more\">\n                        <a href=\"https:\/\/ihmezentrum.info\/?p=857\" class=\"lsvr-post-featured-widget__excerpt-more-link\">Read More<\/a>\n                    <\/p>\n\n                <\/div>\n\n            \n            \n\t\t<\/div>\n\n\t\n<\/div>\n\n<\/div><\/div>\n            ","protected":false},"excerpt":{"rendered":"<p>Die Zukunftswerkstatt Ihme-Zentrum ist ein 2016 gegr\u00fcndeter Verein, der sich f\u00fcr die Revitalisierung des Ihme-Zentrums und seine Einbindung in die benachbarten Stadtquartiere einsetzt. Mehr \u00fcber uns findet ihr hier. Unser Verein hat ca. 60 Mitglieder, je zur H\u00e4lfte Bewohner*innen und an der Entwicklung des Quartiers Interessierte (Stadtplanungsfachleute, Menschen aus dem Quartier).<\/p>\n","protected":false},"author":1,"featured_media":0,"parent":0,"menu_order":0,"comment_status":"closed","ping_status":"closed","template":"page-templates\/not-boxed.php","meta":{"footnotes":""},"class_list":["post-80","page","type-page","status-publish","hentry"],"_links":{"self":[{"href":"https:\/\/ihmezentrum.info\/index.php?rest_route=\/wp\/v2\/pages\/80","targetHints":{"allow":["GET"]}}],"collection":[{"href":"https:\/\/ihmezentrum.info\/index.php?rest_route=\/wp\/v2\/pages"}],"about":[{"href":"https:\/\/ihmezentrum.info\/index.php?rest_route=\/wp\/v2\/types\/page"}],"author":[{"embeddable":true,"href":"https:\/\/ihmezentrum.info\/index.php?rest_route=\/wp\/v2\/users\/1"}],"replies":[{"embeddable":true,"href":"https:\/\/ihmezentrum.info\/index.php?rest_route=%2Fwp%2Fv2%2Fcomments&post=80"}],"version-history":[{"count":15,"href":"https:\/\/ihmezentrum.info\/index.php?rest_route=\/wp\/v2\/pages\/80\/revisions"}],"predecessor-version":[{"id":946,"href":"https:\/\/ihmezentrum.info\/index.php?rest_route=\/wp\/v2\/pages\/80\/revisions\/946"}],"wp:attachment":[{"href":"https:\/\/ihmezentrum.info\/index.php?rest_route=%2Fwp%2Fv2%2Fmedia&parent=80"}],"curies":[{"name":"wp","href":"https:\/\/api.w.org\/{rel}","templated":true}]}}