{"id":922,"date":"2025-09-26T21:31:54","date_gmt":"2025-09-26T19:31:54","guid":{"rendered":"https:\/\/ihmezentrum.info\/?page_id=922"},"modified":"2025-11-19T17:08:20","modified_gmt":"2025-11-19T16:08:20","slug":"dokumentation-der-bisherigen-aktivitaeten-der-zukunftswerkstatt-ihme-zentrum","status":"publish","type":"page","link":"https:\/\/ihmezentrum.info\/?page_id=922","title":{"rendered":"Dokumentation der bisherigen Aktivit\u00e4ten der Zukunftswerkstatt Ihme-Zentrum"},"content":{"rendered":"\r\n<figure class=\"wp-block-table is-style-stripes\">\r\n<table>\r\n<tbody>\r\n<tr>\r\n<td>04\/2016<\/td>\r\n<td>16 Personen gr\u00fcnden den Verein und die inhaltliche Arbeit beginnt<\/td>\r\n<td>Dok.<\/td>\r\n<\/tr>\r\n<tr>\r\n<td>08\/2016<\/td>\r\n<td>27 Mitglieder beschlie\u00dfen als Arbeitsbasis des Vereins den Text \u201e10 Schritte zum Gl\u00fcck\u201c &#8211; Zehn Thesen zur Zukunft des Ihme-Zentrums als neues Wahrzeichen f\u00fcr Hannover! Das Papier ist auch heute noch aktuell! Oberb\u00fcrgermeister Schostok, Stadtbaurat Bodemann und die Ratsparteien lehnen eine Diskussion der 10 Thesen und ein Engagement ab. Der Stadtbaurat untersagt den Mitarbeiter*innen der Stadtplanung, mit uns zusammenzuarbeiten.<\/td>\r\n<td><a href=\"https:\/\/ihmezentrum.info\/wp-content\/uploads\/2025\/09\/Dok.1-10-Schritte-zum-Glueck.pdf\" data-type=\"attachment\" data-id=\"918\">1<\/a><\/td>\r\n<\/tr>\r\n<tr>\r\n<td>01\/2017<\/td>\r\n<td>Wir legen ein Konzept zur B\u00fcrgerbeteiligung bei der Revitalisierung vor; keine Reaktion \u201eder Politik\u201c.<\/td>\r\n<td><a href=\"https:\/\/ihmezentrum.info\/wp-content\/uploads\/2025\/09\/Dok.2-Konzept-Buergerbeteiligung-01-2017.pdf\" data-type=\"attachment\" data-id=\"919\">2<\/a><\/td>\r\n<\/tr>\r\n<tr>\r\n<td>03\/2017<\/td>\r\n<td>Wir legen einen Vorschlag f\u00fcr ein Rechtsgutachten \u00fcber die einer Sanierung angeblich im Wege stehenden rechtlichen Dinge vor.<\/td>\r\n<td><a href=\"https:\/\/ihmezentrum.info\/wp-content\/uploads\/2025\/09\/Dok.3-Vorschlag-2017-Rechtsgutachten-Ihme-Zentrum.pdf\" data-type=\"attachment\" data-id=\"920\">3<\/a><\/td>\r\n<\/tr>\r\n<tr>\r\n<td>05\/2017<\/td>\r\n<td>Wir erarbeiten ein Konzept f\u00fcr ein Kommunikations- und Kulturzentrums und mieten von einer privaten Eigent\u00fcmerin 250 m\u00b2 daf\u00fcr geeignete R\u00e4ume in zentraler Lage im Ihme-Zentrum (Ihmeplatz 7E)<\/td>\r\n<td><a href=\"https:\/\/ihmezentrum.info\/wp-content\/uploads\/2025\/09\/Dok.4-Konzept-Zukunftswerkstatt-am-Ihmeplatz-05-2017.pdf\" data-type=\"attachment\" data-id=\"901\">4<\/a><\/td>\r\n<\/tr>\r\n<tr>\r\n<td>07\/2017<\/td>\r\n<td>27 Mitglieder des Vereins gr\u00fcnden die Ihmeplatz-7E-GmbH und kaufen die R\u00e4ume, da die Vermieterin die R\u00e4ume verkaufen will. Einschl. Umbaukosten bringen sie hierf\u00fcr 131.000 \u20ac als Einlagen und Darlehen auf.<\/td>\r\n<td>\u00a0<\/td>\r\n<\/tr>\r\n<tr>\r\n<td>07\/2017<\/td>\r\n<td>Die GmbH kauft von der Witwe des Statikers einen kompletten Satz der Statikakten des Zentrums und verkauft sie sp\u00e4ter zu den eigenen Kaufkosten an die Wohnungseigent\u00fcmergemeinschaft weiter, damit die Unterlagen allen Interessierten f\u00fcr eine zuk\u00fcnftige Sanierung zur Verf\u00fcgung stehen.<\/td>\r\n<td>\u00a0<\/td>\r\n<\/tr>\r\n<tr>\r\n<td>11\/2017<\/td>\r\n<td>Gespr\u00e4ch mit Oberb\u00fcrgermeister Schostok und Stadtbaurat Bodemann; Wir stellen uns und unsere Vorschl\u00e4ge zur Revitalisierung des Zentrums und die bis dahin erarbeiteten Papiere vor. Keinerlei Resonanz. SPD und CDU lehnen ein erbetenes Gespr\u00e4ch ab.<\/td>\r\n<td>\u00a0<\/td>\r\n<\/tr>\r\n<tr>\r\n<td>2017\/ 2018<\/td>\r\n<td>Eine Vielzahl fachlicher Veranstaltungen zur positiven Entwicklung des Ihme-Zentrums. Mehr Infos in den Dokumenten 5 bis 7. Politik und Verwaltung der Stadt Hannover boykottieren die Veranstaltungen. Sechs Professor*innen und Student*innen der Leibniz-Universit\u00e4t veranstalten einen Workshop mit kreativen Ideen zur Entwicklung des Ihme-Zentrums. Ergebnis all dieser Veranstaltungen ist ein 120 Seiten umfassendes Buch BrutalSch\u00f6n (auch heute kaufbar f\u00fcr 10,- \u20ac und abrufbar auf der Homepage)<\/td>\r\n<td><a href=\"http:\/\/Dok.5\">5<\/a> <br \/><a href=\"https:\/\/ihmezentrum.info\/wp-content\/uploads\/2025\/09\/Dok.6-Veranstaltungsflyer-06-2017.pdf\" data-type=\"attachment\" data-id=\"903\">6<\/a> <br \/><a href=\"http:\/\/Dok.7\">7<\/a><\/td>\r\n<\/tr>\r\n<tr>\r\n<td>08\/2018<\/td>\r\n<td>Die Stadtverwaltung hat unseren Vorschlag von 03\/2017 f\u00fcr ein Rechtsgutachten weitgehend \u00fcbernommen und eine renommierte Kanzlei damit beauftragt, weigert sich aber, uns und den Ratsgremien das Gutachtenergebnis zur Kenntnis zu geben. Grund ist wahrscheinlich, dass das Gutachten weitgehend unsere rechtliche Einsch\u00e4tzung unterst\u00fctzt. Erst viel sp\u00e4ter bekommen wir das Gutachten und eine interne tendenzi\u00f6se Stellungnahme der Verwaltung f\u00fcr den Oberb\u00fcrgermeister anonym zugespielt und k\u00f6nnen sie auswerten.<\/td>\r\n<td><a href=\"https:\/\/ihmezentrum.info\/wp-content\/uploads\/2025\/09\/Dok.6-Veranstaltungsflyer-06-2017.pdf\" data-type=\"attachment\" data-id=\"903\">6<\/a><\/td>\r\n<\/tr>\r\n<tr>\r\n<td>2018<\/td>\r\n<td>Mit dem Projekt \u201eProbebetrieb\u201c werden neun Monaten lang mit Unterst\u00fctzung der Region, des Bezirksrates und der Sparkasse neue Kulturveranstaltungsformen erprobt, um mehr junge Menschen zu begeistern und andere soziale Schichten ins Ihme-Zentrum zu holen.<\/td>\r\n<td><a href=\"https:\/\/ihmezentrum.info\/wp-content\/uploads\/2025\/09\/Dok.7-Architektur-Veranstaltungen-2018.pdf\" data-type=\"attachment\" data-id=\"904\">7<\/a><\/td>\r\n<\/tr>\r\n<tr>\r\n<td>2018<\/td>\r\n<td>Im Rahmen des F\u00f6rderprogramms \u201eNationale Projekte im St\u00e4dtebau\u201c des Bundesbauministeriums hat der Rat der LHH beschlossen: \u201eZus\u00e4tzlich sollen R\u00e4umlichkeiten im Obergeschoss f\u00fcr sozio-kulturelle Nutzungen gesichert werden, die den Bewohner*innen des Ihme-Zentrums, aber auch den Bewohner*innen der benachbarten Stadtteile zur Verf\u00fcgung stehen.\u201c 20 Aktive der Zukunftswerkstatt erarbeiten daraufhin ein Konzept \u201e Eine Soziokultur-Etage Ihme-Zentrum als ein Baustein zur Bewerbung Hannovers zur Europ\u00e4ischen Kulturhauptstadt 2025\u201c. Tr\u00e4ger soll eine Genossenschaft von Kulturschaffenden werden. Die Kulturverwaltung der Stadt lehnt eine Zusammenarbeit mit unserer ehrenamtlichen Initiative ab und finanziert stattdessen aus vom Bund zur Verf\u00fcgung gestellten 100.000 Euro lieber eine Planungsstudie f\u00fcr eine Kulturetage an anderer Stelle im Ihme-Zentrum (die sp\u00e4ter in der Verwaltungsschublade verschwindet).<\/td>\r\n<td><a href=\"https:\/\/ihmezentrum.info\/wp-content\/uploads\/2025\/09\/Dok.8-Ergebnis-des-Rechtsgutachtens-2018.pdf\" data-type=\"attachment\" data-id=\"905\">8<\/a><\/td>\r\n<\/tr>\r\n<tr>\r\n<td>2018<\/td>\r\n<td>Der Verein hat jetzt fast 80 Mitglieder; jeweils ca. 1\/3 davon Bewohner*innen des Zentrums, Fachleute aus der Stadtgesellschaft (Architektur, Stadtplanung usw.) und Kulturinteressierte. Zunehmend finden Kulturveranstaltungen statt; f\u00fcr die Kulturarbeit bekommt die Zukunftswerkstatt eine j\u00e4hrliche F\u00f6rderung der Kulturverwaltung der Stadt von erst 8.000 \u20ac und sp\u00e4ter 15.000 \u20ac.<\/td>\r\n<td>\u00a0<\/td>\r\n<\/tr>\r\n<tr>\r\n<td>2018<\/td>\r\n<td>In diesem Jahr haben mehr als 6.400 Menschen an 291 Terminen die R\u00e4ume der Zukunftswerkstatt genutzt \u2013 im Mittel also 22 Personen pro Veranstaltung, von kleinen Arbeitsgruppen mit 5-6 Personen bis hin zu mit 180 Menschen \u00fcberf\u00fcllten R\u00e4umen. 158 Veranstaltungen (54 %) fanden in Eigenregie statt, 53 (18 %) waren Kooperationsprojekte (die Federf\u00fchrung lag bei anderen Organisationen, wir waren Partner) und 80 (28 %) waren eigenst\u00e4ndige Veranstaltungen Dritter und wir die Vermieter.<\/td>\r\n<td><a href=\"https:\/\/ihmezentrum.info\/wp-content\/uploads\/2025\/09\/Dok.9-Projekt-Probebetrieb.pdf\" data-type=\"attachment\" data-id=\"906\">9<\/a><\/td>\r\n<\/tr>\r\n<tr>\r\n<td>2019<\/td>\r\n<td>In diesem Jahr waren es 6.600 Besucher*innen bei 242 Veranstaltungen.<\/td>\r\n<td><a href=\"https:\/\/ihmezentrum.info\/wp-content\/uploads\/2025\/09\/Dok.10-Genossenschaftsinitiative-Kulturetage.pdf\" data-type=\"attachment\" data-id=\"907\">10<\/a><\/td>\r\n<\/tr>\r\n<tr>\r\n<td>2019<\/td>\r\n<td>Wir \u00fcberarbeiten die 10 Thesen von 2016 zu \u201e11 Bausteinen zur Revitalisierung des Ihme-Zentrums\u201c und versuchen damit erneut, \u201edie Politik\u201c zu motivieren, sich zu engagieren; wieder keine Resonanz.<\/td>\r\n<td><a href=\"https:\/\/ihmezentrum.info\/wp-content\/uploads\/2025\/09\/Dok.11-Jahresbericht-2018.pdf\" data-type=\"attachment\" data-id=\"908\">11<\/a><\/td>\r\n<\/tr>\r\n<tr>\r\n<td>2020 \u2013 2022<\/td>\r\n<td>Stillstand! Der Gro\u00dfeigent\u00fcmer, die PIZ-GmbH, hinter der der Immobilienspekulant Windhorst steckt, will angeblich mit der Sanierung beginnen und schon im ersten Bauabschnitt den Zugang zu unseren R\u00e4umen abrei\u00dfen. Um eine Sanierung nicht zu gef\u00e4hrden, stimmen wir zu, dass die PIZ-GmbH unsere R\u00e4ume f\u00fcr drei Jahre mietet, auch weil wir sie wegen der zeitgleich beginnenden Corona-Epidemie sowieso kaum nutzen k\u00f6nnen. Wie bekannt, versanden die Sanierungspl\u00e4ne.<\/td>\r\n<td>\u00a0<\/td>\r\n<\/tr>\r\n<tr>\r\n<td>08\/2021<\/td>\r\n<td>Oberb\u00fcrgermeister Onay und Stadtbaurat Vielhaber besuchen die Zukunftswerkstatt; man verspricht, sich st\u00e4rker zu engagieren, es passiert jedoch nichts.<\/td>\r\n<td>\u00a0<\/td>\r\n<\/tr>\r\n<tr>\r\n<td>Ende 2022<\/td>\r\n<td>Nach der Coronakrise intensivieren wir die Arbeit der Zukunftswerkstatt wieder. Wegen der starken Nachfrage und dem noch laufenden Mietvertrag mit der PIZ GmbH mieten wir Ersatzr\u00e4ume an anderer Stelle im Ihme-Zentrum an.<\/td>\r\n<td>\u00a0<\/td>\r\n<\/tr>\r\n<tr>\r\n<td>12\/2022<\/td>\r\n<td>Wir erfahren von Insidern, dass die PIZ GmbH das Hausgeld und Handwerkerrechnungen nicht mehr bezahlt und eine Insolvenz droht. Wir entwickeln f\u00fcr den Oberb\u00fcrgermeister und die Mehrheitsfraktionen im Rat der Landeshauptstadt vertraulich ein Konzept zur Rettung des Ihme-Zentrums durch ein \u201eHannover-Konsortium\u201c und schlagen vor, dass man umgehend aktiv wird, um zu verhindern, dass Herr Windhorst den Komplex an den n\u00e4chsten Spekulanten verkauft oder nach einer Insolvenz der PIZ GmbH der n\u00e4chste unseri\u00f6se Gro\u00dfinvestor bei einer Zwangsversteigerung einsteigt.<\/td>\r\n<td><a href=\"https:\/\/ihmezentrum.info\/wp-content\/uploads\/2025\/09\/Dok.12-Jahresbericht-2019.pdf\" data-type=\"attachment\" data-id=\"909\">12<\/a><\/td>\r\n<\/tr>\r\n<tr>\r\n<td>01\/2023<\/td>\r\n<td>Da \u201eaus der Politik\u201c keinerlei Reaktion erfolgt, beschlie\u00dfen wir, an die \u00d6ffentlichkeit zu gehen. Eine Arbeitsgruppe aus 10 Fachleuten erarbeitet kurzfristig eine Denkschrift, die wir am 30.01.2023 der \u00d6ffentlichkeit vorstellen.<\/td>\r\n<td><a href=\"http:\/\/Dok.13\">13<\/a><\/td>\r\n<\/tr>\r\n<tr>\r\n<td>bis 05\/2023<\/td>\r\n<td>796 Personen unterschreiben die Denkschrift als Petition an den Rat und die Verwaltung der Landeshauptstadt. Keine Reaktion aus \u201eder Politik\u201c.<\/td>\r\n<td><a href=\"https:\/\/ihmezentrum.info\/wp-content\/uploads\/2025\/09\/Dok.14-Denkschrift-zu-einer-hannoverschen-Loesung-fuer-das-Ihmezentrum.pdf\" data-type=\"attachment\" data-id=\"911\">14<\/a><\/td>\r\n<\/tr>\r\n<tr>\r\n<td>16.05. 2023<\/td>\r\n<td>Wir pr\u00e4sentieren und diskutieren die Denkschrift auf eine Veranstaltung. Ca. 350 Personen kommen ins \u00fcberf\u00fcllte Capitol, ca. 2\/3 davon Bewohner*innen des Ihme-Zentrums. Die Denkschrift st\u00f6\u00dft ganz \u00fcberwiegend auf positive Resonanz und Unterst\u00fctzung. Der eingeladene Oberb\u00fcrgermeister Onay nimmt nicht teil, obwohl mit seinem B\u00fcro gekl\u00e4rt war, dass er zu diesem Zeitpunkt Zeit hat. Er schickt in seiner Vertretung den Fachbereichsleiter Stadtplanung, der unter Protest der meisten Anwesenden die Vorschl\u00e4ge der Denkschrift in Bausch und Bogen als rechtlich nicht umsetzbar zur\u00fcckweist. Auch der teilnehmende Fraktionsvorsitzende der SPD lehnt ein Engagement seiner Fraktion entschieden ab.<\/td>\r\n<td><a href=\"https:\/\/ihmezentrum.info\/wp-content\/uploads\/2025\/09\/Dok.15-Ueberlegungen-fuer-eine-hannoversche-Loesung-fuer-das-Ihmezentrum.pdf\" data-type=\"attachment\" data-id=\"912\">15<\/a><\/td>\r\n<\/tr>\r\n<tr>\r\n<td>08\/2023<\/td>\r\n<td>Die PIZ-GmbH meldet Insolvenz an, nachdem man mehr als ein halbes Jahr das f\u00e4llige Hausgeld nicht bezahlt hat, ohne dass die Hausverwaltung eingeschritten ist. Dies f\u00fchrt zu massiven finanziellen Problemen f\u00fcr die Wohnungseigent\u00fcmer*innen und einige verbliebene kleine Gewerbebetriebe.<\/td>\r\n<td>\u00a0<\/td>\r\n<\/tr>\r\n<tr>\r\n<td>09\/2023<\/td>\r\n<td>Wir legen ein Konzept f\u00fcr die Umwandlung von B\u00fcrofl\u00e4chen in 400 zus\u00e4tzliche Wohnungen vor, bei denen sich die in Gr\u00fcndung befindliche nieders\u00e4chsische Wohnungsgesellschaft beteiligen k\u00f6nnte; keine Reaktion der Stadt- und der Landesebene<\/td>\r\n<td><a href=\"https:\/\/ihmezentrum.info\/wp-content\/uploads\/2025\/09\/Dok.16-Zusammensetzung-Verfasser-und-Unterschreibende-der-Denkschrift-bzw.-Petition.pdf\" data-type=\"attachment\" data-id=\"921\">16<\/a><\/td>\r\n<\/tr>\r\n<tr>\r\n<td>04\/2024<\/td>\r\n<td>Unser steter Tropfen h\u00f6hlt den Stein! Der Stadtrat beschlie\u00dft auf Initiative der Verwaltung die Aufstellung eines neuen Bebauungsplans f\u00fcr das Ihme-Zentrum. Formulierungen aus der Antragsbegr\u00fcndung: \u201eAnlass der Planaufstellung ist zum einen die bauleitplanerische Umsetzung des Einzelhandels- und Zentrenkonzeptes. Zum anderen ist es Ziel, die gew\u00fcnschte stadtvertr\u00e4gliche und nachhaltige Revitalisierung des Ihme-Zentrums steuernd zu begleiten, einem Trading-Down-Effekt entgegenzuwirken und die st\u00e4rkere Einbindung in den umgebenden Stadtraum sicherzustellen. Der Bebauungsplan erm\u00f6glicht auch den Einsatz von Planungssicherungsinstrumenten.\u201c<\/td>\r\n<td><a href=\"https:\/\/ihmezentrum.info\/wp-content\/uploads\/2025\/09\/Dok.17-Startpraesentation-Podiumsdiskussion_16.05.2023.pdf\" data-type=\"attachment\" data-id=\"913\">17<\/a><\/td>\r\n<\/tr>\r\n<tr>\r\n<td>10\/2024<\/td>\r\n<td>Die Fraktionen SPD, CDU und FDP beschlie\u00dfen, die F\u00f6rderung f\u00fcr die Zukunftswerkstatt zu streichen. Auszug aus der absurden Antragsbegr\u00fcndung: \u201eSeit der Einrichtung der Zukunftswerkstatt konnte kein substantieller Beitrag zur L\u00f6sung der Probleme rund um das Ihmezentrum geleistet werden [\u2026] Die F\u00f6rdermittel sind daher an anderer Stelle effektiver einzusetzen.\u201c Der Verein kann durch die Streichung die Miete f\u00fcr die R\u00e4ume der Zukunftswerkstatt nicht mehr finanzieren und muss den Mietvertrag daher zu Ende Mai 2025 k\u00fcndigen. Da die Mieteinnahmen die einzige Finanzierung der Eigent\u00fcmer-GmbH sind und au\u00dferdem die Hausgeld- und Sanierungsumlagen-Forderungen der WEG an die GmbH erheblich stiegen, muss die GmbH Insolvenz anmelden und 27 Vereinsmitglieder der Zukunftswerkstatt verlieren insgesamt 131.000 Euro.<\/td>\r\n<td><a href=\"https:\/\/ihmezentrum.info\/wp-content\/uploads\/2025\/09\/Dok.18-Konzept-400-zusaetzlichen-Wohnungen.pdf\" data-type=\"attachment\" data-id=\"914\">18<\/a><\/td>\r\n<\/tr>\r\n<tr>\r\n<td>11\/2024<\/td>\r\n<td>Und auch in die von uns seit langem geforderte rechtliche Bewertung, ob und welche rechtlichen M\u00f6glichkeiten f\u00fcr die Stadt bei der Sanierung bestehen, kommt Bewegung. Der Verwaltungsausschuss des Rats hat 50.000 \u20ac f\u00fcr ein entsprechendes Gutachten bewilligt und der Antrag liest sich interessant. Wir sind gespannt, wie das Ergebnis aussehen wird \u2013 jetzt (09\/2025) liegt es noch nicht vor.<\/td>\r\n<td><a href=\"https:\/\/ihmezentrum.info\/wp-content\/uploads\/2025\/09\/Dok.19-Aufstellungsbeschluss-neuer-B-Plan-Ihmezentrum.pdf\" data-type=\"attachment\" data-id=\"915\">19<\/a><\/td>\r\n<\/tr>\r\n<tr>\r\n<td>04\/2025<\/td>\r\n<td>Der Verein Zukunftswerkstatt Ihme-Zentrum teilt sich in zwei Vereine auf. Der \u201ealte\u201c Verein will sich weiterhin um die st\u00e4dtebaulichen Fragen und L\u00f6sungen der Probleme des Ihme-Zentrums k\u00fcmmern. Der neu gegr\u00fcndete gemeinn\u00fctzige Verein <a href=\"https:\/\/ihmekult.de\" target=\"_blank\" rel=\"noreferrer noopener\">IhmeKult! e.V.<\/a> engagiert sich bei soziokulturellen Themen und \u00fcbernimmt ab Juni 2025 das von der Zukunftswerkstatt geschaffene Kommunikations- und Kulturzentrum.<\/td>\r\n<td>\u00a0<\/td>\r\n<\/tr>\r\n<\/tbody>\r\n<\/table>\r\n<\/figure>\r\n\r\n\r\n\r\n<p>&nbsp;<\/p>\r\n","protected":false},"excerpt":{"rendered":"<p>04\/2016 16 Personen gr\u00fcnden den Verein und die inhaltliche Arbeit beginnt Dok. 08\/2016 27 Mitglieder beschlie\u00dfen als Arbeitsbasis des Vereins den Text \u201e10 Schritte zum Gl\u00fcck\u201c &#8211; Zehn Thesen zur Zukunft des Ihme-Zentrums als neues Wahrzeichen f\u00fcr Hannover! Das Papier ist auch heute noch aktuell! Oberb\u00fcrgermeister Schostok, Stadtbaurat Bodemann und die Ratsparteien lehnen eine Diskussion [&hellip;]<\/p>\n","protected":false},"author":4,"featured_media":0,"parent":0,"menu_order":0,"comment_status":"closed","ping_status":"closed","template":"","meta":{"footnotes":""},"class_list":["post-922","page","type-page","status-publish","hentry"],"_links":{"self":[{"href":"https:\/\/ihmezentrum.info\/index.php?rest_route=\/wp\/v2\/pages\/922","targetHints":{"allow":["GET"]}}],"collection":[{"href":"https:\/\/ihmezentrum.info\/index.php?rest_route=\/wp\/v2\/pages"}],"about":[{"href":"https:\/\/ihmezentrum.info\/index.php?rest_route=\/wp\/v2\/types\/page"}],"author":[{"embeddable":true,"href":"https:\/\/ihmezentrum.info\/index.php?rest_route=\/wp\/v2\/users\/4"}],"replies":[{"embeddable":true,"href":"https:\/\/ihmezentrum.info\/index.php?rest_route=%2Fwp%2Fv2%2Fcomments&post=922"}],"version-history":[{"count":3,"href":"https:\/\/ihmezentrum.info\/index.php?rest_route=\/wp\/v2\/pages\/922\/revisions"}],"predecessor-version":[{"id":957,"href":"https:\/\/ihmezentrum.info\/index.php?rest_route=\/wp\/v2\/pages\/922\/revisions\/957"}],"wp:attachment":[{"href":"https:\/\/ihmezentrum.info\/index.php?rest_route=%2Fwp%2Fv2%2Fmedia&parent=922"}],"curies":[{"name":"wp","href":"https:\/\/api.w.org\/{rel}","templated":true}]}}