{"id":935,"date":"2025-11-04T20:34:03","date_gmt":"2025-11-04T19:34:03","guid":{"rendered":"https:\/\/ihmezentrum.info\/?page_id=935"},"modified":"2026-02-16T11:06:23","modified_gmt":"2026-02-16T10:06:23","slug":"newsletter","status":"publish","type":"page","link":"https:\/\/ihmezentrum.info\/?page_id=935","title":{"rendered":"Newsletter"},"content":{"rendered":"<form class=\"\" action=\"https:\/\/flow.cleverreach.com\/fl\/d17c579d-a808-421e-9a95-301e727fbc50\/confirm\" method=\"post\" target=\"_blank\">\n<div class=\"cr-web-wrapper bgcolor-1\">\n<div class=\"cr-web-row bgcolor-2\" style=\"padding: 10px 20px;\">\n<div class=\"cr-text color-2\">\n<div align=\"left\">Bleiben Sie auf dem Laufenden mit unserem Newsletter!<br \/>\nJe nach Nachrichtenlage stellen wir in unregelm\u00e4\u00dfigen Abst\u00e4nden einen \u00dcberblick der Neuigkeiten und Hintergr\u00fcnde zum Ihme-Zentrum zusammen und verschicken ihn. Abbestellung ist jederzeit m\u00f6glich.<br \/>\nSenden Sie einfach eine Mail an <a href=\"mailto:newsletter@ihmezentrum.de\">newsletter@ihmezentrum.de<\/a> und Sie sind dabei.<\/div>\n<\/div>\n<\/div>\n<\/div>\n<\/form>\n","protected":false},"excerpt":{"rendered":"<p>Bleiben Sie auf dem Laufenden mit unserem Newsletter! Je nach Nachrichtenlage stellen wir in unregelm\u00e4\u00dfigen Abst\u00e4nden einen \u00dcberblick der Neuigkeiten und Hintergr\u00fcnde zum Ihme-Zentrum zusammen und verschicken ihn. Abbestellung ist jederzeit m\u00f6glich. Senden Sie einfach eine Mail an newsletter@ihmezentrum.de und Sie sind dabei.<\/p>\n","protected":false},"author":4,"featured_media":0,"parent":0,"menu_order":0,"comment_status":"closed","ping_status":"closed","template":"","meta":{"footnotes":""},"class_list":["post-935","page","type-page","status-publish","hentry"],"_links":{"self":[{"href":"https:\/\/ihmezentrum.info\/index.php?rest_route=\/wp\/v2\/pages\/935","targetHints":{"allow":["GET"]}}],"collection":[{"href":"https:\/\/ihmezentrum.info\/index.php?rest_route=\/wp\/v2\/pages"}],"about":[{"href":"https:\/\/ihmezentrum.info\/index.php?rest_route=\/wp\/v2\/types\/page"}],"author":[{"embeddable":true,"href":"https:\/\/ihmezentrum.info\/index.php?rest_route=\/wp\/v2\/users\/4"}],"replies":[{"embeddable":true,"href":"https:\/\/ihmezentrum.info\/index.php?rest_route=%2Fwp%2Fv2%2Fcomments&post=935"}],"version-history":[{"count":9,"href":"https:\/\/ihmezentrum.info\/index.php?rest_route=\/wp\/v2\/pages\/935\/revisions"}],"predecessor-version":[{"id":972,"href":"https:\/\/ihmezentrum.info\/index.php?rest_route=\/wp\/v2\/pages\/935\/revisions\/972"}],"wp:attachment":[{"href":"https:\/\/ihmezentrum.info\/index.php?rest_route=%2Fwp%2Fv2%2Fmedia&parent=935"}],"curies":[{"name":"wp","href":"https:\/\/api.w.org\/{rel}","templated":true}]}}